{"id":8948,"date":"2026-02-17T10:47:26","date_gmt":"2026-02-17T10:47:26","guid":{"rendered":"https:\/\/trackcable.com\/product\/kel-dp-24-14-a-gris\/"},"modified":"2026-03-26T12:35:27","modified_gmt":"2026-03-26T12:35:27","slug":"kel-dp-24-14-a-gris","status":"publish","type":"product","link":"https:\/\/trackcable.com\/fr\/produit\/kel-dp-24-14-a-gris\/","title":{"rendered":"KEL-DP 24\/14 A \u2013 Gris"},"content":{"rendered":"<h2 data-start=\"109\" data-end=\"135\"><a target=\"_self\" class=\"btn  small\" href=\"https:\/\/www.icotek.com\/Produkte\/PG06%20Kabeldurchf%C3%BChrungen\/KEL-DP\/KEL-DP%2024\/Datenbl%C3%A4tter\/43512_DP-24-14-A_gy.PDF\"><span> Documentation<\/span><\/a><\/h2>\n<p>&nbsp;<\/p>\n<h2 data-start=\"109\" data-end=\"135\"><strong data-start=\"112\" data-end=\"135\">Description du produit<\/strong><\/h2>\n<p data-start=\"137\" data-end=\"391\">Cette plaque d\u2019entr\u00e9e de c\u00e2ble en \u00e9lastom\u00e8re de haute qualit\u00e9 est con\u00e7ue pour une gestion s\u00e9curis\u00e9e et efficace des c\u00e2bles dans les installations industrielles et \u00e9lectriques. Fabriqu\u00e9 en Allemagne, il offre des performances d\u2019\u00e9tanch\u00e9it\u00e9 fiables et une durabilit\u00e9 m\u00eame dans des environnements exigeants. <\/p>\n<p data-start=\"393\" data-end=\"675\">Le mat\u00e9riau \u00e9lastom\u00e8re flexible permet une installation facile tout en maintenant une solide r\u00e9tention des c\u00e2bles et une protection contre la poussi\u00e8re et l\u2019humidit\u00e9. Avec une classification IP jusqu\u2019\u00e0 IP64 et une large plage de temp\u00e9rature de fonctionnement, cette plaque d\u2019entr\u00e9e de c\u00e2ble est id\u00e9ale pour les applications int\u00e9rieures et ext\u00e9rieures. <\/p>\n<p data-start=\"677\" data-end=\"820\">Parfait pour les armoires de contr\u00f4le, les machines et les projets de montage de panneaux o\u00f9 la s\u00e9curit\u00e9, le bon passage des c\u00e2bles et les performances \u00e0 long terme sont essentiels.<\/p>\n<hr data-start=\"822\" data-end=\"825\">\n<h2 data-start=\"827\" data-end=\"848\"><strong data-start=\"830\" data-end=\"848\">Caract\u00e9ristiques techniques<\/strong><\/h2>\n<ul data-start=\"850\" data-end=\"1265\">\n<li data-start=\"850\" data-end=\"875\">\n<p data-start=\"852\" data-end=\"875\"><strong data-start=\"852\" data-end=\"864\">Code HS :<\/strong> 85472000<\/p>\n<\/li>\n<li data-start=\"876\" data-end=\"910\">\n<p data-start=\"878\" data-end=\"910\"><strong data-start=\"878\" data-end=\"900\">Pays d\u2019origine :<\/strong> Allemagne<\/p>\n<\/li>\n<li data-start=\"911\" data-end=\"938\">\n<p data-start=\"913\" data-end=\"938\"><strong data-start=\"913\" data-end=\"926\">Mat\u00e9riel :<\/strong> \u00c9lastom\u00e8re<\/p>\n<\/li>\n<li data-start=\"939\" data-end=\"958\">\n<p data-start=\"941\" data-end=\"958\"><strong data-start=\"941\" data-end=\"951\">Couleur :<\/strong> Grey<\/p>\n<\/li>\n<li data-start=\"959\" data-end=\"980\">\n<p data-start=\"961\" data-end=\"980\"><strong data-start=\"961\" data-end=\"972\">Hauteur :<\/strong> 44 mm<\/p>\n<\/li>\n<li data-start=\"981\" data-end=\"1027\">\n<p data-start=\"983\" data-end=\"1027\"><strong data-start=\"983\" data-end=\"1013\">Taille de la d\u00e9coupe d\u2019installation :<\/strong> 36 \u00d7 112 mm<\/p>\n<\/li>\n<li data-start=\"1028\" data-end=\"1049\">\n<p data-start=\"1030\" data-end=\"1049\"><strong data-start=\"1030\" data-end=\"1040\">Largeur :<\/strong> 142 mm<\/p>\n<\/li>\n<li data-start=\"1050\" data-end=\"1069\">\n<p data-start=\"1052\" data-end=\"1069\"><strong data-start=\"1052\" data-end=\"1062\">Profondeur :<\/strong> 5 mm<\/p>\n<\/li>\n<li data-start=\"1070\" data-end=\"1107\">\n<p data-start=\"1072\" data-end=\"1107\"><strong data-start=\"1072\" data-end=\"1091\">Plage de serrage :<\/strong> 14 \u00d7 \u226412,1 mm<\/p>\n<\/li>\n<li data-start=\"1108\" data-end=\"1150\">\n<p data-start=\"1110\" data-end=\"1150\"><strong data-start=\"1110\" data-end=\"1132\">Plage de temp\u00e9rature :<\/strong> -30\u00b0C \u00e0 +100\u00b0C<\/p>\n<\/li>\n<li data-start=\"1151\" data-end=\"1189\">\n<p data-start=\"1153\" data-end=\"1189\"><strong data-start=\"1153\" data-end=\"1175\">Classification de protection :<\/strong> IP54 \/ IP64<\/p>\n<\/li>\n<li data-start=\"1190\" data-end=\"1236\">\n<p data-start=\"1192\" data-end=\"1236\"><strong data-start=\"1192\" data-end=\"1204\">Version :<\/strong> A (\u00e9paisseur de paroi 1,5\u20132,5 mm)<\/p>\n<\/li>\n<li data-start=\"1237\" data-end=\"1265\">\n<p data-start=\"1239\" data-end=\"1265\"><strong data-start=\"1239\" data-end=\"1254\">Poids net :<\/strong> 0,046 kg<\/p>\n<\/li>\n<\/ul>\n","protected":false},"excerpt":{"rendered":"<p>&nbsp; Description du produit Cette plaque d\u2019entr\u00e9e de c\u00e2ble en \u00e9lastom\u00e8re de haute qualit\u00e9 est con\u00e7ue pour une gestion s\u00e9curis\u00e9e et efficace des c\u00e2bles dans&#8230;<\/p>\n","protected":false},"featured_media":8949,"comment_status":"open","ping_status":"closed","template":"","meta":[],"etheme_brands":[{"term_id":696,"name":"Icotek","slug":"icotek","term_group":0,"term_taxonomy_id":696,"taxonomy":"brand","description":"Icotek est un fabricant leader de solutions innovantes de gestion et de passage de c\u00e2bles, sp\u00e9cialis\u00e9 dans des syst\u00e8mes modulaires permettant une installation rapide et une \u00e9tanch\u00e9it\u00e9 fiable pour des applications industrielles et \u00e9lectriques dans le monde entier.","parent":0,"count":125,"filter":"raw"}],"product_brand":[],"product_cat":[276],"product_tag":[],"class_list":{"0":"post-8948","1":"product","2":"type-product","3":"status-publish","4":"has-post-thumbnail","6":"brand-icotek","7":"product_cat-plaques-dentree-de-cables","9":"first","10":"instock","11":"sale","12":"taxable","13":"shipping-taxable","14":"purchasable","15":"product-type-simple"},"yoast_head":"<!-- This site is optimized with the Yoast SEO plugin v27.3 - https:\/\/yoast.com\/product\/yoast-seo-wordpress\/ -->\n<title>Plaque d\u2019entr\u00e9e de c\u00e2ble Icotek KEL-DP 24\/14 | TrackCable<\/title>\n<meta name=\"description\" content=\"Achetez une plaque d\u2019entr\u00e9e de c\u00e2ble Icotek KEL-DP 24\/14 pour un routage efficace des c\u00e2bles et un \u00e9tanch\u00e9it\u00e9 dans les panneaux de contr\u00f4le. Livraison rapide disponible.\" \/>\n<meta name=\"robots\" content=\"index, follow, max-snippet:-1, max-image-preview:large, max-video-preview:-1\" \/>\n<link rel=\"canonical\" href=\"https:\/\/trackcable.com\/fr\/produit\/kel-dp-24-14-a-gris\/\" \/>\n<meta property=\"og:locale\" content=\"fr_FR\" \/>\n<meta property=\"og:type\" content=\"article\" \/>\n<meta property=\"og:title\" content=\"Plaque d\u2019entr\u00e9e de c\u00e2ble Icotek KEL-DP 24\/14 | TrackCable\" \/>\n<meta property=\"og:description\" content=\"Achetez une plaque d\u2019entr\u00e9e de c\u00e2ble Icotek KEL-DP 24\/14 pour un routage efficace des c\u00e2bles et un \u00e9tanch\u00e9it\u00e9 dans les panneaux de contr\u00f4le. Livraison rapide disponible.\" \/>\n<meta property=\"og:url\" content=\"https:\/\/trackcable.com\/fr\/produit\/kel-dp-24-14-a-gris\/\" \/>\n<meta property=\"og:site_name\" content=\"trackcable.com\" \/>\n<meta property=\"article:modified_time\" content=\"2026-03-26T12:35:27+00:00\" \/>\n<meta property=\"og:image\" content=\"https:\/\/trackcable.com\/wp-content\/uploads\/2026\/02\/43512-1.jpg\" \/>\n\t<meta property=\"og:image:width\" content=\"300\" \/>\n\t<meta property=\"og:image:height\" content=\"199\" \/>\n\t<meta property=\"og:image:type\" content=\"image\/jpeg\" \/>\n<meta name=\"twitter:card\" content=\"summary_large_image\" \/>\n<meta name=\"twitter:label1\" content=\"Dur\u00e9e de lecture estim\u00e9e\" \/>\n\t<meta name=\"twitter:data1\" content=\"1 minute\" \/>\n<script type=\"application\/ld+json\" class=\"yoast-schema-graph\">{\"@context\":\"https:\\\/\\\/schema.org\",\"@graph\":[{\"@type\":\"WebPage\",\"@id\":\"https:\\\/\\\/trackcable.com\\\/fr\\\/produit\\\/kel-dp-24-14-a-gris\\\/\",\"url\":\"https:\\\/\\\/trackcable.com\\\/fr\\\/produit\\\/kel-dp-24-14-a-gris\\\/\",\"name\":\"Plaque d\u2019entr\u00e9e de c\u00e2ble Icotek KEL-DP 24\\\/14 | TrackCable\",\"isPartOf\":{\"@id\":\"https:\\\/\\\/trackcable.com\\\/fr\\\/#website\"},\"primaryImageOfPage\":{\"@id\":\"https:\\\/\\\/trackcable.com\\\/fr\\\/produit\\\/kel-dp-24-14-a-gris\\\/#primaryimage\"},\"image\":{\"@id\":\"https:\\\/\\\/trackcable.com\\\/fr\\\/produit\\\/kel-dp-24-14-a-gris\\\/#primaryimage\"},\"thumbnailUrl\":\"https:\\\/\\\/trackcable.com\\\/wp-content\\\/uploads\\\/2026\\\/02\\\/43512-1.jpg\",\"datePublished\":\"2026-02-17T10:47:26+00:00\",\"dateModified\":\"2026-03-26T12:35:27+00:00\",\"description\":\"Achetez une plaque d\u2019entr\u00e9e de c\u00e2ble Icotek KEL-DP 24\\\/14 pour un routage efficace des c\u00e2bles et un \u00e9tanch\u00e9it\u00e9 dans les panneaux de contr\u00f4le. Livraison rapide disponible.\",\"breadcrumb\":{\"@id\":\"https:\\\/\\\/trackcable.com\\\/fr\\\/produit\\\/kel-dp-24-14-a-gris\\\/#breadcrumb\"},\"inLanguage\":\"fr-FR\",\"potentialAction\":[{\"@type\":\"ReadAction\",\"target\":[\"https:\\\/\\\/trackcable.com\\\/fr\\\/produit\\\/kel-dp-24-14-a-gris\\\/\"]}]},{\"@type\":\"ImageObject\",\"inLanguage\":\"fr-FR\",\"@id\":\"https:\\\/\\\/trackcable.com\\\/fr\\\/produit\\\/kel-dp-24-14-a-gris\\\/#primaryimage\",\"url\":\"https:\\\/\\\/trackcable.com\\\/wp-content\\\/uploads\\\/2026\\\/02\\\/43512-1.jpg\",\"contentUrl\":\"https:\\\/\\\/trackcable.com\\\/wp-content\\\/uploads\\\/2026\\\/02\\\/43512-1.jpg\",\"width\":300,\"height\":199,\"caption\":\"Le plateau KEL-DP 24\\\/14 A - Grey est rectangulaire et comporte deux rang\u00e9es de sept indentations circulaires espac\u00e9es r\u00e9guli\u00e8rement, totalisant quatorze cercles.\"},{\"@type\":\"BreadcrumbList\",\"@id\":\"https:\\\/\\\/trackcable.com\\\/fr\\\/produit\\\/kel-dp-24-14-a-gris\\\/#breadcrumb\",\"itemListElement\":[{\"@type\":\"ListItem\",\"position\":1,\"name\":\"Accueil\",\"item\":\"https:\\\/\\\/trackcable.com\\\/fr\\\/accueil\\\/\"},{\"@type\":\"ListItem\",\"position\":2,\"name\":\"Boutique\",\"item\":\"https:\\\/\\\/trackcable.com\\\/fr\\\/boutique\\\/\"},{\"@type\":\"ListItem\",\"position\":3,\"name\":\"KEL-DP 24\\\/14 A \u2013 Gris\"}]},{\"@type\":\"WebSite\",\"@id\":\"https:\\\/\\\/trackcable.com\\\/fr\\\/#website\",\"url\":\"https:\\\/\\\/trackcable.com\\\/fr\\\/\",\"name\":\"trackcable.com\",\"description\":\"Precision in cable management\",\"publisher\":{\"@id\":\"https:\\\/\\\/trackcable.com\\\/fr\\\/#organization\"},\"potentialAction\":[{\"@type\":\"SearchAction\",\"target\":{\"@type\":\"EntryPoint\",\"urlTemplate\":\"https:\\\/\\\/trackcable.com\\\/fr\\\/?s={search_term_string}\"},\"query-input\":{\"@type\":\"PropertyValueSpecification\",\"valueRequired\":true,\"valueName\":\"search_term_string\"}}],\"inLanguage\":\"fr-FR\"},{\"@type\":\"Organization\",\"@id\":\"https:\\\/\\\/trackcable.com\\\/fr\\\/#organization\",\"name\":\"TrackCable | Precision in industrial cable management\",\"url\":\"https:\\\/\\\/trackcable.com\\\/fr\\\/\",\"logo\":{\"@type\":\"ImageObject\",\"inLanguage\":\"fr-FR\",\"@id\":\"https:\\\/\\\/trackcable.com\\\/fr\\\/#\\\/schema\\\/logo\\\/image\\\/\",\"url\":\"https:\\\/\\\/trackcable.com\\\/wp-content\\\/uploads\\\/2026\\\/02\\\/TrackCable.jpg\",\"contentUrl\":\"https:\\\/\\\/trackcable.com\\\/wp-content\\\/uploads\\\/2026\\\/02\\\/TrackCable.jpg\",\"width\":600,\"height\":300,\"caption\":\"TrackCable | Precision in industrial cable management\"},\"image\":{\"@id\":\"https:\\\/\\\/trackcable.com\\\/fr\\\/#\\\/schema\\\/logo\\\/image\\\/\"}}]}<\/script>\n<!-- \/ Yoast SEO plugin. -->","yoast_head_json":{"title":"Plaque d\u2019entr\u00e9e de c\u00e2ble Icotek KEL-DP 24\/14 | TrackCable","description":"Achetez une plaque d\u2019entr\u00e9e de c\u00e2ble Icotek KEL-DP 24\/14 pour un routage efficace des c\u00e2bles et un \u00e9tanch\u00e9it\u00e9 dans les panneaux de contr\u00f4le. Livraison rapide disponible.","robots":{"index":"index","follow":"follow","max-snippet":"max-snippet:-1","max-image-preview":"max-image-preview:large","max-video-preview":"max-video-preview:-1"},"canonical":"https:\/\/trackcable.com\/fr\/produit\/kel-dp-24-14-a-gris\/","og_locale":"fr_FR","og_type":"article","og_title":"Plaque d\u2019entr\u00e9e de c\u00e2ble Icotek KEL-DP 24\/14 | TrackCable","og_description":"Achetez une plaque d\u2019entr\u00e9e de c\u00e2ble Icotek KEL-DP 24\/14 pour un routage efficace des c\u00e2bles et un \u00e9tanch\u00e9it\u00e9 dans les panneaux de contr\u00f4le. Livraison rapide disponible.","og_url":"https:\/\/trackcable.com\/fr\/produit\/kel-dp-24-14-a-gris\/","og_site_name":"trackcable.com","article_modified_time":"2026-03-26T12:35:27+00:00","og_image":[{"width":300,"height":199,"url":"https:\/\/trackcable.com\/wp-content\/uploads\/2026\/02\/43512-1.jpg","type":"image\/jpeg"}],"twitter_card":"summary_large_image","twitter_misc":{"Dur\u00e9e de lecture estim\u00e9e":"1 minute"},"schema":{"@context":"https:\/\/schema.org","@graph":[{"@type":"WebPage","@id":"https:\/\/trackcable.com\/fr\/produit\/kel-dp-24-14-a-gris\/","url":"https:\/\/trackcable.com\/fr\/produit\/kel-dp-24-14-a-gris\/","name":"Plaque d\u2019entr\u00e9e de c\u00e2ble Icotek KEL-DP 24\/14 | TrackCable","isPartOf":{"@id":"https:\/\/trackcable.com\/fr\/#website"},"primaryImageOfPage":{"@id":"https:\/\/trackcable.com\/fr\/produit\/kel-dp-24-14-a-gris\/#primaryimage"},"image":{"@id":"https:\/\/trackcable.com\/fr\/produit\/kel-dp-24-14-a-gris\/#primaryimage"},"thumbnailUrl":"https:\/\/trackcable.com\/wp-content\/uploads\/2026\/02\/43512-1.jpg","datePublished":"2026-02-17T10:47:26+00:00","dateModified":"2026-03-26T12:35:27+00:00","description":"Achetez une plaque d\u2019entr\u00e9e de c\u00e2ble Icotek KEL-DP 24\/14 pour un routage efficace des c\u00e2bles et un \u00e9tanch\u00e9it\u00e9 dans les panneaux de contr\u00f4le. Livraison rapide disponible.","breadcrumb":{"@id":"https:\/\/trackcable.com\/fr\/produit\/kel-dp-24-14-a-gris\/#breadcrumb"},"inLanguage":"fr-FR","potentialAction":[{"@type":"ReadAction","target":["https:\/\/trackcable.com\/fr\/produit\/kel-dp-24-14-a-gris\/"]}]},{"@type":"ImageObject","inLanguage":"fr-FR","@id":"https:\/\/trackcable.com\/fr\/produit\/kel-dp-24-14-a-gris\/#primaryimage","url":"https:\/\/trackcable.com\/wp-content\/uploads\/2026\/02\/43512-1.jpg","contentUrl":"https:\/\/trackcable.com\/wp-content\/uploads\/2026\/02\/43512-1.jpg","width":300,"height":199,"caption":"Le plateau KEL-DP 24\/14 A - Grey est rectangulaire et comporte deux rang\u00e9es de sept indentations circulaires espac\u00e9es r\u00e9guli\u00e8rement, totalisant quatorze cercles."},{"@type":"BreadcrumbList","@id":"https:\/\/trackcable.com\/fr\/produit\/kel-dp-24-14-a-gris\/#breadcrumb","itemListElement":[{"@type":"ListItem","position":1,"name":"Accueil","item":"https:\/\/trackcable.com\/fr\/accueil\/"},{"@type":"ListItem","position":2,"name":"Boutique","item":"https:\/\/trackcable.com\/fr\/boutique\/"},{"@type":"ListItem","position":3,"name":"KEL-DP 24\/14 A \u2013 Gris"}]},{"@type":"WebSite","@id":"https:\/\/trackcable.com\/fr\/#website","url":"https:\/\/trackcable.com\/fr\/","name":"trackcable.com","description":"Precision in cable management","publisher":{"@id":"https:\/\/trackcable.com\/fr\/#organization"},"potentialAction":[{"@type":"SearchAction","target":{"@type":"EntryPoint","urlTemplate":"https:\/\/trackcable.com\/fr\/?s={search_term_string}"},"query-input":{"@type":"PropertyValueSpecification","valueRequired":true,"valueName":"search_term_string"}}],"inLanguage":"fr-FR"},{"@type":"Organization","@id":"https:\/\/trackcable.com\/fr\/#organization","name":"TrackCable | Precision in industrial cable management","url":"https:\/\/trackcable.com\/fr\/","logo":{"@type":"ImageObject","inLanguage":"fr-FR","@id":"https:\/\/trackcable.com\/fr\/#\/schema\/logo\/image\/","url":"https:\/\/trackcable.com\/wp-content\/uploads\/2026\/02\/TrackCable.jpg","contentUrl":"https:\/\/trackcable.com\/wp-content\/uploads\/2026\/02\/TrackCable.jpg","width":600,"height":300,"caption":"TrackCable | Precision in industrial cable management"},"image":{"@id":"https:\/\/trackcable.com\/fr\/#\/schema\/logo\/image\/"}}]}},"_links":{"self":[{"href":"https:\/\/trackcable.com\/fr\/wp-json\/wp\/v2\/product\/8948","targetHints":{"allow":["GET"]}}],"collection":[{"href":"https:\/\/trackcable.com\/fr\/wp-json\/wp\/v2\/product"}],"about":[{"href":"https:\/\/trackcable.com\/fr\/wp-json\/wp\/v2\/types\/product"}],"replies":[{"embeddable":true,"href":"https:\/\/trackcable.com\/fr\/wp-json\/wp\/v2\/comments?post=8948"}],"version-history":[{"count":1,"href":"https:\/\/trackcable.com\/fr\/wp-json\/wp\/v2\/product\/8948\/revisions"}],"predecessor-version":[{"id":12624,"href":"https:\/\/trackcable.com\/fr\/wp-json\/wp\/v2\/product\/8948\/revisions\/12624"}],"wp:featuredmedia":[{"embeddable":true,"href":"https:\/\/trackcable.com\/fr\/wp-json\/wp\/v2\/media\/8949"}],"wp:attachment":[{"href":"https:\/\/trackcable.com\/fr\/wp-json\/wp\/v2\/media?parent=8948"}],"wp:term":[{"taxonomy":"brand","embeddable":true,"href":"https:\/\/trackcable.com\/fr\/wp-json\/wp\/v2\/etheme_brands?post=8948"},{"taxonomy":"product_brand","embeddable":true,"href":"https:\/\/trackcable.com\/fr\/wp-json\/wp\/v2\/product_brand?post=8948"},{"taxonomy":"product_cat","embeddable":true,"href":"https:\/\/trackcable.com\/fr\/wp-json\/wp\/v2\/product_cat?post=8948"},{"taxonomy":"product_tag","embeddable":true,"href":"https:\/\/trackcable.com\/fr\/wp-json\/wp\/v2\/product_tag?post=8948"}],"curies":[{"name":"wp","href":"https:\/\/api.w.org\/{rel}","templated":true}]}}