{"id":9176,"date":"2026-02-17T09:05:58","date_gmt":"2026-02-17T09:05:58","guid":{"rendered":"https:\/\/trackcable.com\/product\/ua1455-030-078\/"},"modified":"2026-03-26T13:57:23","modified_gmt":"2026-03-26T13:57:23","slug":"ua1455-030-078","status":"publish","type":"product","link":"https:\/\/trackcable.com\/fr\/produit\/ua1455-030-078\/","title":{"rendered":"UA1455-030-078"},"content":{"rendered":"<a target=\"_blank\" class=\"btn  small\" href=\"https:\/\/tsubaki-kabelschlepp.com\/uploads\/tx_tkg17pim\/documents\/pdf\/UNIFLEX-Advanced-series_EN_Y25W49_01.pdf\"><span> Documentation<\/span><\/a>\n<p>&nbsp;<\/p>\n<p data-start=\"0\" data-end=\"375\"><strong data-start=\"0\" data-end=\"50\">La TSUBAKI KABELSCHLEPP Uniflex Advanced 1455<\/strong> est une cha\u00eene porte-c\u00e2bles robuste et fiable con\u00e7ue pour une gestion fluide des c\u00e2bles dans les applications dynamiques exigeantes. Faisant partie de la s\u00e9rie Uniflex Advanced de <span class=\"hover:entity-accent entity-underline inline cursor-pointer align-baseline\"><span class=\"whitespace-normal\">TSUBAKI KABELSCHLEPP<\/span><\/span>, cette cha\u00eene offre une protection solide pour les c\u00e2bles et les tuyaux tout en assurant un fonctionnement constant et \u00e0 faible usure dans les machines automatis\u00e9es. <\/p>\n<p data-start=\"377\" data-end=\"747\">Avec une largeur <strong data-start=\"400\" data-end=\"409\">int\u00e9rieure de 78 mm<\/strong> et <strong data-start=\"433\" data-end=\"442\">une hauteur int\u00e9rieure de 26 mm<\/strong>, l\u2019Uniflex Advanced 1455 est id\u00e9al pour les ensembles c\u00e2bles de taille moyenne n\u00e9cessitant un routage s\u00e9curis\u00e9 et une longue dur\u00e9e de service. Cette version pr\u00e9sente une <strong data-start=\"587\" data-end=\"611\">ouverture ext\u00e9rieure<\/strong>, permettant un acc\u00e8s rapide aux c\u00e2bles depuis l\u2019ext\u00e9rieur pour faciliter l\u2019installation, l\u2019inspection et l\u2019entretien tout en r\u00e9duisant les temps d\u2019arr\u00eat de la machine. <\/p>\n<p data-start=\"749\" data-end=\"1032\">Pour soutenir la conception flexible des machines, l\u2019Uniflex Advanced 1455 est disponible en plusieurs rayons de flexion \u2014 <strong data-start=\"852\" data-end=\"911\">52 mm, 65 mm, 95 mm, 125 mm, 150 mm, 180 mm et 200 mm<\/strong> \u2014 permettant aux ing\u00e9nieurs de s\u00e9lectionner la configuration optimale tout en assurant une protection ad\u00e9quate des c\u00e2bles et un minimum de contrainte de flexion.<\/p>\n<h3 data-start=\"1034\" data-end=\"1050\">Caract\u00e9ristiques cl\u00e9s<\/h3>\n<ul data-start=\"1052\" data-end=\"1346\">\n<li data-start=\"1052\" data-end=\"1129\">\n<p data-start=\"1054\" data-end=\"1129\"><strong data-start=\"1054\" data-end=\"1078\">Conception d\u2019ouverture ext\u00e9rieure<\/strong> pour un acc\u00e8s rapide aux c\u00e2bles et une maintenance simplifi\u00e9e<\/p>\n<\/li>\n<li data-start=\"1130\" data-end=\"1177\">\n<p data-start=\"1132\" data-end=\"1177\">Dimensions int\u00e9rieures : <strong data-start=\"1150\" data-end=\"1175\">78 mm (L) \u00d7 26 mm (H)<\/strong><\/p>\n<\/li>\n<li data-start=\"1178\" data-end=\"1244\">\n<p data-start=\"1180\" data-end=\"1244\">Rayons de courbure disponibles : 52, 65, 95, 125, 150, 180 et 200 mm<\/p>\n<\/li>\n<li data-start=\"1245\" data-end=\"1299\">\n<p data-start=\"1247\" data-end=\"1299\">Fonctionnement fluide et fiable dans les applications dynamiques<\/p>\n<\/li>\n<li data-start=\"1300\" data-end=\"1346\">\n<p data-start=\"1302\" data-end=\"1346\">Construction durable pour une longue dur\u00e9e de vie<\/p>\n<\/li>\n<\/ul>\n<p data-start=\"1348\" data-end=\"1574\" data-is-last-node=\"\" data-is-only-node=\"\">L\u2019<strong data-start=\"1352\" data-end=\"1377\">Uniflex Advanced 1455<\/strong> est un excellent choix pour les ing\u00e9nieurs et les constructeurs de machines \u00e0 la recherche d\u2019une cha\u00eene porte-c\u00e2bles fiable alliant robustesse, flexibilit\u00e9 et facilit\u00e9 d\u2019installation dans les environnements industriels exigeants.<\/p>\n","protected":false},"excerpt":{"rendered":"<div style=\"font-size: 12.5px; line-height: 1.2; margin-top: 6px;\">\n<div style=\"display: flex; justify-content: space-between; padding: 2px 0;\"><span style=\"color: #666;\">Largeur<\/span><br \/>\n int\u00e9rieure<strong>78 mm<\/strong><\/div>\n<div style=\"display: flex; justify-content: space-between; padding: 2px 0;\">Hauteur<br \/>\n <span style=\"color: #666;\">int\u00e9rieure<\/span><strong>26 mm<\/strong><\/div>\n<div style=\"display: flex; justify-content: space-between; padding: 2px 0;\"><span style=\"color: #666;\">Terrain<\/span><br \/>\n<strong>30 mm<\/strong><\/div>\n<div style=\"display: flex; justify-content: space-between; padding: 2px 0;\">Rayon<br \/>\n <span style=\"color: #666;\">de courbure<\/span><strong>52\/65\/95\/125\/150\/150\/200 mm<\/strong><\/div>\n<div style=\"display: flex; justify-content: space-between; padding: 2px 0;\"><span style=\"color: #666;\">Ouverture<\/span><br \/>\n<strong>Dehors<\/strong><\/div>\n<\/div>\n","protected":false},"featured_media":12493,"comment_status":"open","ping_status":"closed","template":"","meta":[],"etheme_brands":[{"term_id":702,"name":"Tsubaki Kabelschlepp","slug":"tsubaki-kabelschlepp","term_group":0,"term_taxonomy_id":702,"taxonomy":"brand","description":"Tsubaki Kabelschlepp est un fournisseur mondialement reconnu de syst\u00e8mes de cha\u00eenes porte-c\u00e2bles et de guidage, offrant des solutions robustes et con\u00e7ues avec pr\u00e9cision pour guider et prot\u00e9ger les c\u00e2bles dans des applications industrielles dynamiques.","parent":0,"count":192,"filter":"raw"}],"product_brand":[],"product_cat":[309,402],"product_tag":[404],"class_list":{"0":"post-9176","1":"product","2":"type-product","3":"status-publish","4":"has-post-thumbnail","6":"brand-tsubaki-kabelschlepp","7":"product_cat-chaines-porte-cables-en-plastique","8":"product_cat-serie-uniflex-advanced","9":"product_tag-prix-par-metre","11":"first","12":"instock","13":"taxable","14":"shipping-taxable","15":"purchasable","16":"product-type-variable"},"yoast_head":"<!-- This site is optimized with the Yoast SEO plugin v27.3 - https:\/\/yoast.com\/product\/yoast-seo-wordpress\/ -->\n<title>Cha\u00eene porte-c\u00e2bles Tsubaki Kabelschlepp UA1455-030-078 | TrackCable<\/title>\n<meta name=\"description\" content=\"Achetez la cha\u00eene porte-c\u00e2bles Tsubaki Kabelschlepp UA1455-030-078 pour une gestion fiable des c\u00e2bles dans les applications industrielles. Livraison rapide disponible.\" \/>\n<meta name=\"robots\" content=\"index, follow, max-snippet:-1, max-image-preview:large, max-video-preview:-1\" \/>\n<link rel=\"canonical\" href=\"https:\/\/trackcable.com\/fr\/produit\/ua1455-030-078\/\" \/>\n<meta property=\"og:locale\" content=\"fr_FR\" \/>\n<meta property=\"og:type\" content=\"article\" \/>\n<meta property=\"og:title\" content=\"Cha\u00eene porte-c\u00e2bles Tsubaki Kabelschlepp UA1455-030-078 | TrackCable\" \/>\n<meta property=\"og:description\" content=\"Achetez la cha\u00eene porte-c\u00e2bles Tsubaki Kabelschlepp UA1455-030-078 pour une gestion fiable des c\u00e2bles dans les applications industrielles. Livraison rapide disponible.\" \/>\n<meta property=\"og:url\" content=\"https:\/\/trackcable.com\/fr\/produit\/ua1455-030-078\/\" \/>\n<meta property=\"og:site_name\" content=\"trackcable.com\" \/>\n<meta property=\"article:modified_time\" content=\"2026-03-26T13:57:23+00:00\" \/>\n<meta property=\"og:image\" content=\"https:\/\/trackcable.com\/wp-content\/uploads\/2026\/02\/UA1455-030.jpg\" \/>\n\t<meta property=\"og:image:width\" content=\"300\" \/>\n\t<meta property=\"og:image:height\" content=\"199\" \/>\n\t<meta property=\"og:image:type\" content=\"image\/jpeg\" \/>\n<meta name=\"twitter:card\" content=\"summary_large_image\" \/>\n<meta name=\"twitter:label1\" content=\"Dur\u00e9e de lecture estim\u00e9e\" \/>\n\t<meta name=\"twitter:data1\" content=\"2 minutes\" \/>\n<script type=\"application\/ld+json\" class=\"yoast-schema-graph\">{\"@context\":\"https:\\\/\\\/schema.org\",\"@graph\":[{\"@type\":\"WebPage\",\"@id\":\"https:\\\/\\\/trackcable.com\\\/fr\\\/produit\\\/ua1455-030-078\\\/\",\"url\":\"https:\\\/\\\/trackcable.com\\\/fr\\\/produit\\\/ua1455-030-078\\\/\",\"name\":\"Cha\u00eene porte-c\u00e2bles Tsubaki Kabelschlepp UA1455-030-078 | TrackCable\",\"isPartOf\":{\"@id\":\"https:\\\/\\\/trackcable.com\\\/fr\\\/#website\"},\"primaryImageOfPage\":{\"@id\":\"https:\\\/\\\/trackcable.com\\\/fr\\\/produit\\\/ua1455-030-078\\\/#primaryimage\"},\"image\":{\"@id\":\"https:\\\/\\\/trackcable.com\\\/fr\\\/produit\\\/ua1455-030-078\\\/#primaryimage\"},\"thumbnailUrl\":\"https:\\\/\\\/trackcable.com\\\/wp-content\\\/uploads\\\/2026\\\/02\\\/UA1455-030.jpg\",\"datePublished\":\"2026-02-17T09:05:58+00:00\",\"dateModified\":\"2026-03-26T13:57:23+00:00\",\"description\":\"Achetez la cha\u00eene porte-c\u00e2bles Tsubaki Kabelschlepp UA1455-030-078 pour une gestion fiable des c\u00e2bles dans les applications industrielles. Livraison rapide disponible.\",\"breadcrumb\":{\"@id\":\"https:\\\/\\\/trackcable.com\\\/fr\\\/produit\\\/ua1455-030-078\\\/#breadcrumb\"},\"inLanguage\":\"fr-FR\",\"potentialAction\":[{\"@type\":\"ReadAction\",\"target\":[\"https:\\\/\\\/trackcable.com\\\/fr\\\/produit\\\/ua1455-030-078\\\/\"]}]},{\"@type\":\"ImageObject\",\"inLanguage\":\"fr-FR\",\"@id\":\"https:\\\/\\\/trackcable.com\\\/fr\\\/produit\\\/ua1455-030-078\\\/#primaryimage\",\"url\":\"https:\\\/\\\/trackcable.com\\\/wp-content\\\/uploads\\\/2026\\\/02\\\/UA1455-030.jpg\",\"contentUrl\":\"https:\\\/\\\/trackcable.com\\\/wp-content\\\/uploads\\\/2026\\\/02\\\/UA1455-030.jpg\",\"width\":300,\"height\":199,\"caption\":\"Gros plan d'une cha\u00eenes porte-c\u00e2ble en plastique noir UA1455-020-025 avec des segments embo\u00eetables, pr\u00e9sent\u00e9e courb\u00e9e sur un fond blanc.\"},{\"@type\":\"BreadcrumbList\",\"@id\":\"https:\\\/\\\/trackcable.com\\\/fr\\\/produit\\\/ua1455-030-078\\\/#breadcrumb\",\"itemListElement\":[{\"@type\":\"ListItem\",\"position\":1,\"name\":\"Accueil\",\"item\":\"https:\\\/\\\/trackcable.com\\\/fr\\\/accueil\\\/\"},{\"@type\":\"ListItem\",\"position\":2,\"name\":\"Boutique\",\"item\":\"https:\\\/\\\/trackcable.com\\\/fr\\\/boutique\\\/\"},{\"@type\":\"ListItem\",\"position\":3,\"name\":\"UA1455-030-078\"}]},{\"@type\":\"WebSite\",\"@id\":\"https:\\\/\\\/trackcable.com\\\/fr\\\/#website\",\"url\":\"https:\\\/\\\/trackcable.com\\\/fr\\\/\",\"name\":\"trackcable.com\",\"description\":\"Precision in cable management\",\"publisher\":{\"@id\":\"https:\\\/\\\/trackcable.com\\\/fr\\\/#organization\"},\"potentialAction\":[{\"@type\":\"SearchAction\",\"target\":{\"@type\":\"EntryPoint\",\"urlTemplate\":\"https:\\\/\\\/trackcable.com\\\/fr\\\/?s={search_term_string}\"},\"query-input\":{\"@type\":\"PropertyValueSpecification\",\"valueRequired\":true,\"valueName\":\"search_term_string\"}}],\"inLanguage\":\"fr-FR\"},{\"@type\":\"Organization\",\"@id\":\"https:\\\/\\\/trackcable.com\\\/fr\\\/#organization\",\"name\":\"TrackCable | Precision in industrial cable management\",\"url\":\"https:\\\/\\\/trackcable.com\\\/fr\\\/\",\"logo\":{\"@type\":\"ImageObject\",\"inLanguage\":\"fr-FR\",\"@id\":\"https:\\\/\\\/trackcable.com\\\/fr\\\/#\\\/schema\\\/logo\\\/image\\\/\",\"url\":\"https:\\\/\\\/trackcable.com\\\/wp-content\\\/uploads\\\/2026\\\/02\\\/TrackCable.jpg\",\"contentUrl\":\"https:\\\/\\\/trackcable.com\\\/wp-content\\\/uploads\\\/2026\\\/02\\\/TrackCable.jpg\",\"width\":600,\"height\":300,\"caption\":\"TrackCable | Precision in industrial cable management\"},\"image\":{\"@id\":\"https:\\\/\\\/trackcable.com\\\/fr\\\/#\\\/schema\\\/logo\\\/image\\\/\"}}]}<\/script>\n<!-- \/ Yoast SEO plugin. -->","yoast_head_json":{"title":"Cha\u00eene porte-c\u00e2bles Tsubaki Kabelschlepp UA1455-030-078 | TrackCable","description":"Achetez la cha\u00eene porte-c\u00e2bles Tsubaki Kabelschlepp UA1455-030-078 pour une gestion fiable des c\u00e2bles dans les applications industrielles. Livraison rapide disponible.","robots":{"index":"index","follow":"follow","max-snippet":"max-snippet:-1","max-image-preview":"max-image-preview:large","max-video-preview":"max-video-preview:-1"},"canonical":"https:\/\/trackcable.com\/fr\/produit\/ua1455-030-078\/","og_locale":"fr_FR","og_type":"article","og_title":"Cha\u00eene porte-c\u00e2bles Tsubaki Kabelschlepp UA1455-030-078 | TrackCable","og_description":"Achetez la cha\u00eene porte-c\u00e2bles Tsubaki Kabelschlepp UA1455-030-078 pour une gestion fiable des c\u00e2bles dans les applications industrielles. Livraison rapide disponible.","og_url":"https:\/\/trackcable.com\/fr\/produit\/ua1455-030-078\/","og_site_name":"trackcable.com","article_modified_time":"2026-03-26T13:57:23+00:00","og_image":[{"width":300,"height":199,"url":"https:\/\/trackcable.com\/wp-content\/uploads\/2026\/02\/UA1455-030.jpg","type":"image\/jpeg"}],"twitter_card":"summary_large_image","twitter_misc":{"Dur\u00e9e de lecture estim\u00e9e":"2 minutes"},"schema":{"@context":"https:\/\/schema.org","@graph":[{"@type":"WebPage","@id":"https:\/\/trackcable.com\/fr\/produit\/ua1455-030-078\/","url":"https:\/\/trackcable.com\/fr\/produit\/ua1455-030-078\/","name":"Cha\u00eene porte-c\u00e2bles Tsubaki Kabelschlepp UA1455-030-078 | TrackCable","isPartOf":{"@id":"https:\/\/trackcable.com\/fr\/#website"},"primaryImageOfPage":{"@id":"https:\/\/trackcable.com\/fr\/produit\/ua1455-030-078\/#primaryimage"},"image":{"@id":"https:\/\/trackcable.com\/fr\/produit\/ua1455-030-078\/#primaryimage"},"thumbnailUrl":"https:\/\/trackcable.com\/wp-content\/uploads\/2026\/02\/UA1455-030.jpg","datePublished":"2026-02-17T09:05:58+00:00","dateModified":"2026-03-26T13:57:23+00:00","description":"Achetez la cha\u00eene porte-c\u00e2bles Tsubaki Kabelschlepp UA1455-030-078 pour une gestion fiable des c\u00e2bles dans les applications industrielles. Livraison rapide disponible.","breadcrumb":{"@id":"https:\/\/trackcable.com\/fr\/produit\/ua1455-030-078\/#breadcrumb"},"inLanguage":"fr-FR","potentialAction":[{"@type":"ReadAction","target":["https:\/\/trackcable.com\/fr\/produit\/ua1455-030-078\/"]}]},{"@type":"ImageObject","inLanguage":"fr-FR","@id":"https:\/\/trackcable.com\/fr\/produit\/ua1455-030-078\/#primaryimage","url":"https:\/\/trackcable.com\/wp-content\/uploads\/2026\/02\/UA1455-030.jpg","contentUrl":"https:\/\/trackcable.com\/wp-content\/uploads\/2026\/02\/UA1455-030.jpg","width":300,"height":199,"caption":"Gros plan d'une cha\u00eenes porte-c\u00e2ble en plastique noir UA1455-020-025 avec des segments embo\u00eetables, pr\u00e9sent\u00e9e courb\u00e9e sur un fond blanc."},{"@type":"BreadcrumbList","@id":"https:\/\/trackcable.com\/fr\/produit\/ua1455-030-078\/#breadcrumb","itemListElement":[{"@type":"ListItem","position":1,"name":"Accueil","item":"https:\/\/trackcable.com\/fr\/accueil\/"},{"@type":"ListItem","position":2,"name":"Boutique","item":"https:\/\/trackcable.com\/fr\/boutique\/"},{"@type":"ListItem","position":3,"name":"UA1455-030-078"}]},{"@type":"WebSite","@id":"https:\/\/trackcable.com\/fr\/#website","url":"https:\/\/trackcable.com\/fr\/","name":"trackcable.com","description":"Precision in cable management","publisher":{"@id":"https:\/\/trackcable.com\/fr\/#organization"},"potentialAction":[{"@type":"SearchAction","target":{"@type":"EntryPoint","urlTemplate":"https:\/\/trackcable.com\/fr\/?s={search_term_string}"},"query-input":{"@type":"PropertyValueSpecification","valueRequired":true,"valueName":"search_term_string"}}],"inLanguage":"fr-FR"},{"@type":"Organization","@id":"https:\/\/trackcable.com\/fr\/#organization","name":"TrackCable | Precision in industrial cable management","url":"https:\/\/trackcable.com\/fr\/","logo":{"@type":"ImageObject","inLanguage":"fr-FR","@id":"https:\/\/trackcable.com\/fr\/#\/schema\/logo\/image\/","url":"https:\/\/trackcable.com\/wp-content\/uploads\/2026\/02\/TrackCable.jpg","contentUrl":"https:\/\/trackcable.com\/wp-content\/uploads\/2026\/02\/TrackCable.jpg","width":600,"height":300,"caption":"TrackCable | Precision in industrial cable management"},"image":{"@id":"https:\/\/trackcable.com\/fr\/#\/schema\/logo\/image\/"}}]}},"_links":{"self":[{"href":"https:\/\/trackcable.com\/fr\/wp-json\/wp\/v2\/product\/9176","targetHints":{"allow":["GET"]}}],"collection":[{"href":"https:\/\/trackcable.com\/fr\/wp-json\/wp\/v2\/product"}],"about":[{"href":"https:\/\/trackcable.com\/fr\/wp-json\/wp\/v2\/types\/product"}],"replies":[{"embeddable":true,"href":"https:\/\/trackcable.com\/fr\/wp-json\/wp\/v2\/comments?post=9176"}],"version-history":[{"count":1,"href":"https:\/\/trackcable.com\/fr\/wp-json\/wp\/v2\/product\/9176\/revisions"}],"predecessor-version":[{"id":13396,"href":"https:\/\/trackcable.com\/fr\/wp-json\/wp\/v2\/product\/9176\/revisions\/13396"}],"wp:featuredmedia":[{"embeddable":true,"href":"https:\/\/trackcable.com\/fr\/wp-json\/wp\/v2\/media\/12493"}],"wp:attachment":[{"href":"https:\/\/trackcable.com\/fr\/wp-json\/wp\/v2\/media?parent=9176"}],"wp:term":[{"taxonomy":"brand","embeddable":true,"href":"https:\/\/trackcable.com\/fr\/wp-json\/wp\/v2\/etheme_brands?post=9176"},{"taxonomy":"product_brand","embeddable":true,"href":"https:\/\/trackcable.com\/fr\/wp-json\/wp\/v2\/product_brand?post=9176"},{"taxonomy":"product_cat","embeddable":true,"href":"https:\/\/trackcable.com\/fr\/wp-json\/wp\/v2\/product_cat?post=9176"},{"taxonomy":"product_tag","embeddable":true,"href":"https:\/\/trackcable.com\/fr\/wp-json\/wp\/v2\/product_tag?post=9176"}],"curies":[{"name":"wp","href":"https:\/\/api.w.org\/{rel}","templated":true}]}}