{"id":9212,"date":"2026-02-12T13:30:14","date_gmt":"2026-02-12T13:30:14","guid":{"rendered":"https:\/\/trackcable.com\/product\/mono-0132-10\/"},"modified":"2026-03-26T14:00:36","modified_gmt":"2026-03-26T14:00:36","slug":"mono-0132-10","status":"publish","type":"product","link":"https:\/\/trackcable.com\/fr\/produit\/mono-0132-10\/","title":{"rendered":"MONO 0132.10"},"content":{"rendered":"<a target=\"_blank\" class=\"btn  small\" href=\"https:\/\/tsubaki-kabelschlepp.com\/uploads\/tx_tkg17pim\/documents\/pdf\/MONO-series_EN_Y25W45.pdf\"><span> Documentation<\/span><\/a>\n<p>&nbsp;<\/p>\n<p class=\"isSelectedEnd\">La TSUBAKI KABELSCHLEPP MONO 0132.10 est une cha\u00eene porte-c\u00e2bles compacte et de haute pr\u00e9cision, con\u00e7ue pour une gestion fiable des c\u00e2bles dans les applications \u00e0 espace d\u2019installation limit\u00e9. Con\u00e7ue pour prot\u00e9ger et guider les petits c\u00e2bles et tuyaux, cette cha\u00eene assure un fonctionnement fluide tout en r\u00e9duisant l\u2019usure dans les environnements de machines dynamiques. <\/p>\n<p class=\"isSelectedEnd\">Avec une largeur int\u00e9rieure de 10 mm et une hauteur int\u00e9rieure de 10 mm, le MONO 0130.10 est id\u00e9al pour les ensembles de c\u00e2bles l\u00e9gers n\u00e9cessitant un routage s\u00e9curis\u00e9 et des performances constantes. Le pas de 13 mm permet un mouvement silencieux et \u00e0 faible vibration, ce qui le rend adapt\u00e9 aux syst\u00e8mes \u00e0 haute vitesse et \u00e0 mouvement r\u00e9p\u00e9titif. <\/p>\n<p class=\"isSelectedEnd\">Ce mod\u00e8le pr\u00e9sente une conception ferm\u00e9e qui renforce la r\u00e9sistance structurelle et prot\u00e8ge les c\u00e2bles des influences ext\u00e9rieures telles que la poussi\u00e8re, les d\u00e9bris et les impacts m\u00e9caniques. La construction solide am\u00e9liore la fiabilit\u00e9 globale tout en r\u00e9duisant le besoin d\u2019entretien fr\u00e9quent, ce qui la rend bien adapt\u00e9e aux environnements industriels exigeants. <\/p>\n<p class=\"isSelectedEnd\">Disponible en trois rayons de courbure \u2014 20 mm, 28 mm et 37 mm \u2014, ce porte-c\u00e2bles offre une plus grande souplesse de conception, permettant ainsi aux ing\u00e9nieurs de choisir le rayon optimal pour leur application sp\u00e9cifique, qu&rsquo;ils privil\u00e9gient une installation compacte ou une r\u00e9duction des contraintes exerc\u00e9es sur les c\u00e2bles.<\/p>\n<p class=\"isSelectedEnd\">Caract\u00e9ristiques cl\u00e9s<\/p>\n<ul data-spread=\"false\">\n<li>\n<p class=\"isSelectedEnd\">Conception ferm\u00e9e<\/p>\n<\/li>\n<li>\n<p class=\"isSelectedEnd\">Rayon de flexion disponible : 20 mm, 28 mm et 37 mm<\/p>\n<\/li>\n<li>\n<p class=\"isSelectedEnd\">Conception \u00e9conomisant de la place pour les syst\u00e8mes d\u2019automatisation compacts<\/p>\n<\/li>\n<li>\n<p class=\"isSelectedEnd\">Dimensions int\u00e9rieures : 10 mm (E) \u00d7 10 mm (Haut)<\/p>\n<\/li>\n<li>\n<p class=\"isSelectedEnd\">Tangage : 13 mm pour un mouvement fluide et stable<\/p>\n<\/li>\n<li>\n<p class=\"isSelectedEnd\">Construction durable pour une longue dur\u00e9e de vie<\/p>\n<\/li>\n<\/ul>\n<p>La MONO 0132.10 est un excellent choix pour les ing\u00e9nieurs et les constructeurs de machines recherchant une cha\u00eene porte-c\u00e2bles fiable et compacte, alliant flexibilit\u00e9, durabilit\u00e9 et facilit\u00e9 d\u2019utilisation dans les applications industrielles exigeantes.<\/p>\n","protected":false},"excerpt":{"rendered":"<div style=\"font-size: 12.5px; line-height: 1.2; margin-top: 6px;\">\n<div style=\"display: flex; justify-content: space-between; padding: 2px 0;\"><span style=\"color: #666;\">Largeur<\/span><br \/>\n int\u00e9rieure<strong>10 mm<\/strong><\/div>\n<div style=\"display: flex; justify-content: space-between; padding: 2px 0;\">Hauteur<br \/>\n <span style=\"color: #666;\">int\u00e9rieure<\/span><strong>10 mm<\/strong><\/div>\n<div style=\"display: flex; justify-content: space-between; padding: 2px 0;\"><span style=\"color: #666;\">Terrain<\/span><br \/>\n<strong>13 mm<\/strong><\/div>\n<div style=\"display: flex; justify-content: space-between; padding: 2px 0;\">Rayon<br \/>\n <span style=\"color: #666;\">de courbure<\/span><strong>20\/28\/37 mm<\/strong><\/div>\n<div style=\"display: flex; justify-content: space-between; padding: 2px 0;\"><span style=\"color: #666;\">Ouverture<\/span><br \/>\n<strong>Ferm\u00e9<\/strong><\/div>\n<\/div>\n","protected":false},"featured_media":12395,"comment_status":"open","ping_status":"closed","template":"","meta":[],"etheme_brands":[{"term_id":702,"name":"Tsubaki Kabelschlepp","slug":"tsubaki-kabelschlepp","term_group":0,"term_taxonomy_id":702,"taxonomy":"brand","description":"Tsubaki Kabelschlepp est un fournisseur mondialement reconnu de syst\u00e8mes de cha\u00eenes porte-c\u00e2bles et de guidage, offrant des solutions robustes et con\u00e7ues avec pr\u00e9cision pour guider et prot\u00e9ger les c\u00e2bles dans des applications industrielles dynamiques.","parent":0,"count":192,"filter":"raw"}],"product_brand":[],"product_cat":[309,435],"product_tag":[404],"class_list":{"0":"post-9212","1":"product","2":"type-product","3":"status-publish","4":"has-post-thumbnail","6":"brand-tsubaki-kabelschlepp","7":"product_cat-chaines-porte-cables-en-plastique","8":"product_cat-serie-mono","9":"product_tag-prix-par-metre","11":"first","12":"instock","13":"taxable","14":"shipping-taxable","15":"purchasable","16":"product-type-variable"},"yoast_head":"<!-- This site is optimized with the Yoast SEO plugin v27.3 - https:\/\/yoast.com\/product\/yoast-seo-wordpress\/ -->\n<title>Tsubaki Kabelschlepp MONO 0132.10 Cha\u00eene porte-c\u00e2bles | TrackCable<\/title>\n<meta name=\"description\" content=\"Achetez la cha\u00eene porte-c\u00e2bles Tsubaki Kabelschlepp MONO 0132.10 pour une gestion fiable des c\u00e2bles dans les applications industrielles. Livraison rapide disponible.\" \/>\n<meta name=\"robots\" content=\"index, follow, max-snippet:-1, max-image-preview:large, max-video-preview:-1\" \/>\n<link rel=\"canonical\" href=\"https:\/\/trackcable.com\/fr\/produit\/mono-0132-10\/\" \/>\n<meta property=\"og:locale\" content=\"fr_FR\" \/>\n<meta property=\"og:type\" content=\"article\" \/>\n<meta property=\"og:title\" content=\"Tsubaki Kabelschlepp MONO 0132.10 Cha\u00eene porte-c\u00e2bles | TrackCable\" \/>\n<meta property=\"og:description\" content=\"Achetez la cha\u00eene porte-c\u00e2bles Tsubaki Kabelschlepp MONO 0132.10 pour une gestion fiable des c\u00e2bles dans les applications industrielles. Livraison rapide disponible.\" \/>\n<meta property=\"og:url\" content=\"https:\/\/trackcable.com\/fr\/produit\/mono-0132-10\/\" \/>\n<meta property=\"og:site_name\" content=\"trackcable.com\" \/>\n<meta property=\"article:modified_time\" content=\"2026-03-26T14:00:36+00:00\" \/>\n<meta property=\"og:image\" content=\"https:\/\/trackcable.com\/wp-content\/uploads\/2026\/02\/MONO-0132.jpg\" \/>\n\t<meta property=\"og:image:width\" content=\"300\" \/>\n\t<meta property=\"og:image:height\" content=\"199\" \/>\n\t<meta property=\"og:image:type\" content=\"image\/jpeg\" \/>\n<meta name=\"twitter:card\" content=\"summary_large_image\" \/>\n<meta name=\"twitter:label1\" content=\"Dur\u00e9e de lecture estim\u00e9e\" \/>\n\t<meta name=\"twitter:data1\" content=\"2 minutes\" \/>\n<script type=\"application\/ld+json\" class=\"yoast-schema-graph\">{\"@context\":\"https:\\\/\\\/schema.org\",\"@graph\":[{\"@type\":\"WebPage\",\"@id\":\"https:\\\/\\\/trackcable.com\\\/fr\\\/produit\\\/mono-0132-10\\\/\",\"url\":\"https:\\\/\\\/trackcable.com\\\/fr\\\/produit\\\/mono-0132-10\\\/\",\"name\":\"Tsubaki Kabelschlepp MONO 0132.10 Cha\u00eene porte-c\u00e2bles | TrackCable\",\"isPartOf\":{\"@id\":\"https:\\\/\\\/trackcable.com\\\/fr\\\/#website\"},\"primaryImageOfPage\":{\"@id\":\"https:\\\/\\\/trackcable.com\\\/fr\\\/produit\\\/mono-0132-10\\\/#primaryimage\"},\"image\":{\"@id\":\"https:\\\/\\\/trackcable.com\\\/fr\\\/produit\\\/mono-0132-10\\\/#primaryimage\"},\"thumbnailUrl\":\"https:\\\/\\\/trackcable.com\\\/wp-content\\\/uploads\\\/2026\\\/02\\\/MONO-0132.jpg\",\"datePublished\":\"2026-02-12T13:30:14+00:00\",\"dateModified\":\"2026-03-26T14:00:36+00:00\",\"description\":\"Achetez la cha\u00eene porte-c\u00e2bles Tsubaki Kabelschlepp MONO 0132.10 pour une gestion fiable des c\u00e2bles dans les applications industrielles. Livraison rapide disponible.\",\"breadcrumb\":{\"@id\":\"https:\\\/\\\/trackcable.com\\\/fr\\\/produit\\\/mono-0132-10\\\/#breadcrumb\"},\"inLanguage\":\"fr-FR\",\"potentialAction\":[{\"@type\":\"ReadAction\",\"target\":[\"https:\\\/\\\/trackcable.com\\\/fr\\\/produit\\\/mono-0132-10\\\/\"]}]},{\"@type\":\"ImageObject\",\"inLanguage\":\"fr-FR\",\"@id\":\"https:\\\/\\\/trackcable.com\\\/fr\\\/produit\\\/mono-0132-10\\\/#primaryimage\",\"url\":\"https:\\\/\\\/trackcable.com\\\/wp-content\\\/uploads\\\/2026\\\/02\\\/MONO-0132.jpg\",\"contentUrl\":\"https:\\\/\\\/trackcable.com\\\/wp-content\\\/uploads\\\/2026\\\/02\\\/MONO-0132.jpg\",\"width\":300,\"height\":199,\"caption\":\"Vue rapproch\u00e9e d\u2019une cha\u00eene porte-c\u00e2bles MONO 0130.06 noire et segment\u00e9e, courb\u00e9e sur un fond blanc uni.\"},{\"@type\":\"BreadcrumbList\",\"@id\":\"https:\\\/\\\/trackcable.com\\\/fr\\\/produit\\\/mono-0132-10\\\/#breadcrumb\",\"itemListElement\":[{\"@type\":\"ListItem\",\"position\":1,\"name\":\"Accueil\",\"item\":\"https:\\\/\\\/trackcable.com\\\/fr\\\/accueil\\\/\"},{\"@type\":\"ListItem\",\"position\":2,\"name\":\"Boutique\",\"item\":\"https:\\\/\\\/trackcable.com\\\/fr\\\/boutique\\\/\"},{\"@type\":\"ListItem\",\"position\":3,\"name\":\"MONO 0132.10\"}]},{\"@type\":\"WebSite\",\"@id\":\"https:\\\/\\\/trackcable.com\\\/fr\\\/#website\",\"url\":\"https:\\\/\\\/trackcable.com\\\/fr\\\/\",\"name\":\"trackcable.com\",\"description\":\"Precision in cable management\",\"publisher\":{\"@id\":\"https:\\\/\\\/trackcable.com\\\/fr\\\/#organization\"},\"potentialAction\":[{\"@type\":\"SearchAction\",\"target\":{\"@type\":\"EntryPoint\",\"urlTemplate\":\"https:\\\/\\\/trackcable.com\\\/fr\\\/?s={search_term_string}\"},\"query-input\":{\"@type\":\"PropertyValueSpecification\",\"valueRequired\":true,\"valueName\":\"search_term_string\"}}],\"inLanguage\":\"fr-FR\"},{\"@type\":\"Organization\",\"@id\":\"https:\\\/\\\/trackcable.com\\\/fr\\\/#organization\",\"name\":\"TrackCable | Precision in industrial cable management\",\"url\":\"https:\\\/\\\/trackcable.com\\\/fr\\\/\",\"logo\":{\"@type\":\"ImageObject\",\"inLanguage\":\"fr-FR\",\"@id\":\"https:\\\/\\\/trackcable.com\\\/fr\\\/#\\\/schema\\\/logo\\\/image\\\/\",\"url\":\"https:\\\/\\\/trackcable.com\\\/wp-content\\\/uploads\\\/2026\\\/02\\\/TrackCable.jpg\",\"contentUrl\":\"https:\\\/\\\/trackcable.com\\\/wp-content\\\/uploads\\\/2026\\\/02\\\/TrackCable.jpg\",\"width\":600,\"height\":300,\"caption\":\"TrackCable | Precision in industrial cable management\"},\"image\":{\"@id\":\"https:\\\/\\\/trackcable.com\\\/fr\\\/#\\\/schema\\\/logo\\\/image\\\/\"}}]}<\/script>\n<!-- \/ Yoast SEO plugin. -->","yoast_head_json":{"title":"Tsubaki Kabelschlepp MONO 0132.10 Cha\u00eene porte-c\u00e2bles | TrackCable","description":"Achetez la cha\u00eene porte-c\u00e2bles Tsubaki Kabelschlepp MONO 0132.10 pour une gestion fiable des c\u00e2bles dans les applications industrielles. Livraison rapide disponible.","robots":{"index":"index","follow":"follow","max-snippet":"max-snippet:-1","max-image-preview":"max-image-preview:large","max-video-preview":"max-video-preview:-1"},"canonical":"https:\/\/trackcable.com\/fr\/produit\/mono-0132-10\/","og_locale":"fr_FR","og_type":"article","og_title":"Tsubaki Kabelschlepp MONO 0132.10 Cha\u00eene porte-c\u00e2bles | TrackCable","og_description":"Achetez la cha\u00eene porte-c\u00e2bles Tsubaki Kabelschlepp MONO 0132.10 pour une gestion fiable des c\u00e2bles dans les applications industrielles. Livraison rapide disponible.","og_url":"https:\/\/trackcable.com\/fr\/produit\/mono-0132-10\/","og_site_name":"trackcable.com","article_modified_time":"2026-03-26T14:00:36+00:00","og_image":[{"width":300,"height":199,"url":"https:\/\/trackcable.com\/wp-content\/uploads\/2026\/02\/MONO-0132.jpg","type":"image\/jpeg"}],"twitter_card":"summary_large_image","twitter_misc":{"Dur\u00e9e de lecture estim\u00e9e":"2 minutes"},"schema":{"@context":"https:\/\/schema.org","@graph":[{"@type":"WebPage","@id":"https:\/\/trackcable.com\/fr\/produit\/mono-0132-10\/","url":"https:\/\/trackcable.com\/fr\/produit\/mono-0132-10\/","name":"Tsubaki Kabelschlepp MONO 0132.10 Cha\u00eene porte-c\u00e2bles | TrackCable","isPartOf":{"@id":"https:\/\/trackcable.com\/fr\/#website"},"primaryImageOfPage":{"@id":"https:\/\/trackcable.com\/fr\/produit\/mono-0132-10\/#primaryimage"},"image":{"@id":"https:\/\/trackcable.com\/fr\/produit\/mono-0132-10\/#primaryimage"},"thumbnailUrl":"https:\/\/trackcable.com\/wp-content\/uploads\/2026\/02\/MONO-0132.jpg","datePublished":"2026-02-12T13:30:14+00:00","dateModified":"2026-03-26T14:00:36+00:00","description":"Achetez la cha\u00eene porte-c\u00e2bles Tsubaki Kabelschlepp MONO 0132.10 pour une gestion fiable des c\u00e2bles dans les applications industrielles. Livraison rapide disponible.","breadcrumb":{"@id":"https:\/\/trackcable.com\/fr\/produit\/mono-0132-10\/#breadcrumb"},"inLanguage":"fr-FR","potentialAction":[{"@type":"ReadAction","target":["https:\/\/trackcable.com\/fr\/produit\/mono-0132-10\/"]}]},{"@type":"ImageObject","inLanguage":"fr-FR","@id":"https:\/\/trackcable.com\/fr\/produit\/mono-0132-10\/#primaryimage","url":"https:\/\/trackcable.com\/wp-content\/uploads\/2026\/02\/MONO-0132.jpg","contentUrl":"https:\/\/trackcable.com\/wp-content\/uploads\/2026\/02\/MONO-0132.jpg","width":300,"height":199,"caption":"Vue rapproch\u00e9e d\u2019une cha\u00eene porte-c\u00e2bles MONO 0130.06 noire et segment\u00e9e, courb\u00e9e sur un fond blanc uni."},{"@type":"BreadcrumbList","@id":"https:\/\/trackcable.com\/fr\/produit\/mono-0132-10\/#breadcrumb","itemListElement":[{"@type":"ListItem","position":1,"name":"Accueil","item":"https:\/\/trackcable.com\/fr\/accueil\/"},{"@type":"ListItem","position":2,"name":"Boutique","item":"https:\/\/trackcable.com\/fr\/boutique\/"},{"@type":"ListItem","position":3,"name":"MONO 0132.10"}]},{"@type":"WebSite","@id":"https:\/\/trackcable.com\/fr\/#website","url":"https:\/\/trackcable.com\/fr\/","name":"trackcable.com","description":"Precision in cable management","publisher":{"@id":"https:\/\/trackcable.com\/fr\/#organization"},"potentialAction":[{"@type":"SearchAction","target":{"@type":"EntryPoint","urlTemplate":"https:\/\/trackcable.com\/fr\/?s={search_term_string}"},"query-input":{"@type":"PropertyValueSpecification","valueRequired":true,"valueName":"search_term_string"}}],"inLanguage":"fr-FR"},{"@type":"Organization","@id":"https:\/\/trackcable.com\/fr\/#organization","name":"TrackCable | Precision in industrial cable management","url":"https:\/\/trackcable.com\/fr\/","logo":{"@type":"ImageObject","inLanguage":"fr-FR","@id":"https:\/\/trackcable.com\/fr\/#\/schema\/logo\/image\/","url":"https:\/\/trackcable.com\/wp-content\/uploads\/2026\/02\/TrackCable.jpg","contentUrl":"https:\/\/trackcable.com\/wp-content\/uploads\/2026\/02\/TrackCable.jpg","width":600,"height":300,"caption":"TrackCable | Precision in industrial cable management"},"image":{"@id":"https:\/\/trackcable.com\/fr\/#\/schema\/logo\/image\/"}}]}},"_links":{"self":[{"href":"https:\/\/trackcable.com\/fr\/wp-json\/wp\/v2\/product\/9212","targetHints":{"allow":["GET"]}}],"collection":[{"href":"https:\/\/trackcable.com\/fr\/wp-json\/wp\/v2\/product"}],"about":[{"href":"https:\/\/trackcable.com\/fr\/wp-json\/wp\/v2\/types\/product"}],"replies":[{"embeddable":true,"href":"https:\/\/trackcable.com\/fr\/wp-json\/wp\/v2\/comments?post=9212"}],"version-history":[{"count":1,"href":"https:\/\/trackcable.com\/fr\/wp-json\/wp\/v2\/product\/9212\/revisions"}],"predecessor-version":[{"id":13544,"href":"https:\/\/trackcable.com\/fr\/wp-json\/wp\/v2\/product\/9212\/revisions\/13544"}],"wp:featuredmedia":[{"embeddable":true,"href":"https:\/\/trackcable.com\/fr\/wp-json\/wp\/v2\/media\/12395"}],"wp:attachment":[{"href":"https:\/\/trackcable.com\/fr\/wp-json\/wp\/v2\/media?parent=9212"}],"wp:term":[{"taxonomy":"brand","embeddable":true,"href":"https:\/\/trackcable.com\/fr\/wp-json\/wp\/v2\/etheme_brands?post=9212"},{"taxonomy":"product_brand","embeddable":true,"href":"https:\/\/trackcable.com\/fr\/wp-json\/wp\/v2\/product_brand?post=9212"},{"taxonomy":"product_cat","embeddable":true,"href":"https:\/\/trackcable.com\/fr\/wp-json\/wp\/v2\/product_cat?post=9212"},{"taxonomy":"product_tag","embeddable":true,"href":"https:\/\/trackcable.com\/fr\/wp-json\/wp\/v2\/product_tag?post=9212"}],"curies":[{"name":"wp","href":"https:\/\/api.w.org\/{rel}","templated":true}]}}