{"id":9752,"date":"2026-02-17T11:28:56","date_gmt":"2026-02-17T11:28:56","guid":{"rendered":"https:\/\/trackcable.com\/product\/kel-dpu-24-13-gris\/"},"modified":"2026-03-26T12:35:16","modified_gmt":"2026-03-26T12:35:16","slug":"kel-dpu-24-13-gris","status":"publish","type":"product","link":"https:\/\/trackcable.com\/fr\/produit\/kel-dpu-24-13-gris\/","title":{"rendered":"KEL-DPU 24\/13 \u2013 Gris"},"content":{"rendered":"<h2 data-start=\"109\" data-end=\"135\"><a target=\"_blank\" class=\"btn  small\" href=\"https:\/\/www.icotek.com\/Produkte\/PG06%20Kabeldurchf%C3%BChrungen\/KEL-DPU\/KEL-DPU%2024\/Datenbl%C3%A4tter\/43940_KEL-DPU-24-13_gy.PDF\"><span> Documentation<\/span><\/a><\/h2>\n<p>&nbsp;<\/p>\n<h2 data-start=\"89\" data-end=\"115\"><strong data-start=\"92\" data-end=\"115\">Description du produit<\/strong><\/h2>\n<p data-start=\"117\" data-end=\"417\">Ce cadre d\u2019entr\u00e9e robuste est con\u00e7u pour un passage s\u00e9curis\u00e9 et tr\u00e8s scell\u00e9 dans les armoires de contr\u00f4le, les machines et les installations industrielles. Fabriqu\u00e9 en Allemagne et fabriqu\u00e9 \u00e0 partir d\u2019une combinaison durable d\u2019\u00e9lastom\u00e8re et de polypropyl\u00e8ne, il assure une fiabilit\u00e9 \u00e0 long terme m\u00eame dans des environnements exigeants. <\/p>\n<p data-start=\"419\" data-end=\"773\">Avec des indices de protection allant jusqu\u2019\u00e0 IP68, cette entr\u00e9e par c\u00e2ble offre une excellente r\u00e9sistance \u00e0 la poussi\u00e8re, \u00e0 l\u2019eau et aux conditions difficiles. Les inserts d\u2019\u00e9tanch\u00e9it\u00e9 flexibles permettent d\u2019installer rapidement plusieurs diam\u00e8tres de c\u00e2ble tout en maintenant une forte r\u00e9tention. Gr\u00e2ce \u00e0 des options de montage par vis et d\u2019installation \u00e0 encroche, il offre un assemblage rapide et polyvalent.  <\/p>\n<p data-start=\"775\" data-end=\"886\">Id\u00e9al pour les applications o\u00f9 des indices de protection \u00e9lev\u00e9s, une durabilit\u00e9 et une gestion organis\u00e9e des c\u00e2bles sont essentiels.<\/p>\n<hr data-start=\"888\" data-end=\"891\">\n<h2 data-start=\"893\" data-end=\"914\"><strong data-start=\"896\" data-end=\"914\">Caract\u00e9ristiques techniques<\/strong><\/h2>\n<ul data-start=\"916\" data-end=\"1372\">\n<li data-start=\"916\" data-end=\"941\">\n<p data-start=\"918\" data-end=\"941\"><strong data-start=\"918\" data-end=\"930\">Code HS :<\/strong> 85472000<\/p>\n<\/li>\n<li data-start=\"942\" data-end=\"976\">\n<p data-start=\"944\" data-end=\"976\"><strong data-start=\"944\" data-end=\"966\">Pays d\u2019origine :<\/strong> Allemagne<\/p>\n<\/li>\n<li data-start=\"977\" data-end=\"1020\">\n<p data-start=\"979\" data-end=\"1020\"><strong data-start=\"979\" data-end=\"992\">Mat\u00e9riel :<\/strong> \u00c9lastom\u00e8re \/ Polypropyl\u00e8ne<\/p>\n<\/li>\n<li data-start=\"1021\" data-end=\"1040\">\n<p data-start=\"1023\" data-end=\"1040\"><strong data-start=\"1023\" data-end=\"1033\">Couleur :<\/strong> Grey<\/p>\n<\/li>\n<li data-start=\"1041\" data-end=\"1062\">\n<p data-start=\"1043\" data-end=\"1062\"><strong data-start=\"1043\" data-end=\"1054\">Hauteur :<\/strong> 58 mm<\/p>\n<\/li>\n<li data-start=\"1063\" data-end=\"1109\">\n<p data-start=\"1065\" data-end=\"1109\"><strong data-start=\"1065\" data-end=\"1095\">Taille de la d\u00e9coupe d\u2019installation :<\/strong> 36 \u00d7 112 mm<\/p>\n<\/li>\n<li data-start=\"1110\" data-end=\"1131\">\n<p data-start=\"1112\" data-end=\"1131\"><strong data-start=\"1112\" data-end=\"1122\">Largeur :<\/strong> 147 mm<\/p>\n<\/li>\n<li data-start=\"1132\" data-end=\"1152\">\n<p data-start=\"1134\" data-end=\"1152\"><strong data-start=\"1134\" data-end=\"1144\">Profondeur :<\/strong> 14 mm<\/p>\n<\/li>\n<li data-start=\"1153\" data-end=\"1219\">\n<p data-start=\"1155\" data-end=\"1176\"><strong data-start=\"1155\" data-end=\"1174\">Plage de serrage :<\/strong><\/p>\n<ul data-start=\"1179\" data-end=\"1219\">\n<li data-start=\"1179\" data-end=\"1198\">\n<p data-start=\"1181\" data-end=\"1198\">10 \u00d7 3,2\u20136,3 mm<\/p>\n<\/li>\n<li data-start=\"1201\" data-end=\"1219\">\n<p data-start=\"1203\" data-end=\"1219\">3 \u00d7 16\u201320,5 mm<\/p>\n<\/li>\n<\/ul>\n<\/li>\n<li data-start=\"1220\" data-end=\"1262\">\n<p data-start=\"1222\" data-end=\"1262\"><strong data-start=\"1222\" data-end=\"1244\">Plage de temp\u00e9rature :<\/strong> -40\u00b0C \u00e0 +100\u00b0C<\/p>\n<\/li>\n<li data-start=\"1263\" data-end=\"1301\">\n<p data-start=\"1265\" data-end=\"1301\"><strong data-start=\"1265\" data-end=\"1287\">Classification de protection :<\/strong> IP66 \/ IP68<\/p>\n<\/li>\n<li data-start=\"1302\" data-end=\"1343\">\n<p data-start=\"1304\" data-end=\"1343\"><strong data-start=\"1304\" data-end=\"1317\">Montage :<\/strong> Montage \u00e0 vis, Snap-in<\/p>\n<\/li>\n<li data-start=\"1344\" data-end=\"1372\">\n<p data-start=\"1346\" data-end=\"1372\"><strong data-start=\"1346\" data-end=\"1361\">Poids net :<\/strong> 0,111 kg<\/p>\n<\/li>\n<\/ul>\n","protected":false},"excerpt":{"rendered":"<p>&nbsp; Description du produit Ce cadre d\u2019entr\u00e9e robuste est con\u00e7u pour un passage s\u00e9curis\u00e9 et tr\u00e8s scell\u00e9 dans les armoires de contr\u00f4le, les machines et&#8230;<\/p>\n","protected":false},"featured_media":9753,"comment_status":"open","ping_status":"closed","template":"","meta":[],"etheme_brands":[{"term_id":696,"name":"Icotek","slug":"icotek","term_group":0,"term_taxonomy_id":696,"taxonomy":"brand","description":"Icotek est un fabricant leader de solutions innovantes de gestion et de passage de c\u00e2bles, sp\u00e9cialis\u00e9 dans des syst\u00e8mes modulaires permettant une installation rapide et une \u00e9tanch\u00e9it\u00e9 fiable pour des applications industrielles et \u00e9lectriques dans le monde entier.","parent":0,"count":125,"filter":"raw"}],"product_brand":[],"product_cat":[276],"product_tag":[],"class_list":{"0":"post-9752","1":"product","2":"type-product","3":"status-publish","4":"has-post-thumbnail","6":"brand-icotek","7":"product_cat-plaques-dentree-de-cables","9":"first","10":"instock","11":"sale","12":"taxable","13":"shipping-taxable","14":"purchasable","15":"product-type-simple"},"yoast_head":"<!-- This site is optimized with the Yoast SEO plugin v27.3 - https:\/\/yoast.com\/product\/yoast-seo-wordpress\/ -->\n<title>Plaque d\u2019entr\u00e9e de c\u00e2ble Icotek KEL-DPU 24\/13 | TrackCable<\/title>\n<meta name=\"description\" content=\"Achetez une plaque d\u2019entr\u00e9e de c\u00e2ble Icotek KEL-DPU 24\/13 pour un routage et un \u00e9tanch\u00e9it\u00e9 efficaces des panneaux de contr\u00f4le. Livraison rapide disponible.\" \/>\n<meta name=\"robots\" content=\"index, follow, max-snippet:-1, max-image-preview:large, max-video-preview:-1\" \/>\n<link rel=\"canonical\" href=\"https:\/\/trackcable.com\/fr\/produit\/kel-dpu-24-13-gris\/\" \/>\n<meta property=\"og:locale\" content=\"fr_FR\" \/>\n<meta property=\"og:type\" content=\"article\" \/>\n<meta property=\"og:title\" content=\"Plaque d\u2019entr\u00e9e de c\u00e2ble Icotek KEL-DPU 24\/13 | TrackCable\" \/>\n<meta property=\"og:description\" content=\"Achetez une plaque d\u2019entr\u00e9e de c\u00e2ble Icotek KEL-DPU 24\/13 pour un routage et un \u00e9tanch\u00e9it\u00e9 efficaces des panneaux de contr\u00f4le. Livraison rapide disponible.\" \/>\n<meta property=\"og:url\" content=\"https:\/\/trackcable.com\/fr\/produit\/kel-dpu-24-13-gris\/\" \/>\n<meta property=\"og:site_name\" content=\"trackcable.com\" \/>\n<meta property=\"article:modified_time\" content=\"2026-03-26T12:35:16+00:00\" \/>\n<meta property=\"og:image\" content=\"https:\/\/trackcable.com\/wp-content\/uploads\/2026\/02\/43940.jpg\" \/>\n\t<meta property=\"og:image:width\" content=\"300\" \/>\n\t<meta property=\"og:image:height\" content=\"199\" \/>\n\t<meta property=\"og:image:type\" content=\"image\/jpeg\" \/>\n<meta name=\"twitter:card\" content=\"summary_large_image\" \/>\n<meta name=\"twitter:label1\" content=\"Dur\u00e9e de lecture estim\u00e9e\" \/>\n\t<meta name=\"twitter:data1\" content=\"1 minute\" \/>\n<script type=\"application\/ld+json\" class=\"yoast-schema-graph\">{\"@context\":\"https:\\\/\\\/schema.org\",\"@graph\":[{\"@type\":\"WebPage\",\"@id\":\"https:\\\/\\\/trackcable.com\\\/fr\\\/produit\\\/kel-dpu-24-13-gris\\\/\",\"url\":\"https:\\\/\\\/trackcable.com\\\/fr\\\/produit\\\/kel-dpu-24-13-gris\\\/\",\"name\":\"Plaque d\u2019entr\u00e9e de c\u00e2ble Icotek KEL-DPU 24\\\/13 | TrackCable\",\"isPartOf\":{\"@id\":\"https:\\\/\\\/trackcable.com\\\/fr\\\/#website\"},\"primaryImageOfPage\":{\"@id\":\"https:\\\/\\\/trackcable.com\\\/fr\\\/produit\\\/kel-dpu-24-13-gris\\\/#primaryimage\"},\"image\":{\"@id\":\"https:\\\/\\\/trackcable.com\\\/fr\\\/produit\\\/kel-dpu-24-13-gris\\\/#primaryimage\"},\"thumbnailUrl\":\"https:\\\/\\\/trackcable.com\\\/wp-content\\\/uploads\\\/2026\\\/02\\\/43940.jpg\",\"datePublished\":\"2026-02-17T11:28:56+00:00\",\"dateModified\":\"2026-03-26T12:35:16+00:00\",\"description\":\"Achetez une plaque d\u2019entr\u00e9e de c\u00e2ble Icotek KEL-DPU 24\\\/13 pour un routage et un \u00e9tanch\u00e9it\u00e9 efficaces des panneaux de contr\u00f4le. Livraison rapide disponible.\",\"breadcrumb\":{\"@id\":\"https:\\\/\\\/trackcable.com\\\/fr\\\/produit\\\/kel-dpu-24-13-gris\\\/#breadcrumb\"},\"inLanguage\":\"fr-FR\",\"potentialAction\":[{\"@type\":\"ReadAction\",\"target\":[\"https:\\\/\\\/trackcable.com\\\/fr\\\/produit\\\/kel-dpu-24-13-gris\\\/\"]}]},{\"@type\":\"ImageObject\",\"inLanguage\":\"fr-FR\",\"@id\":\"https:\\\/\\\/trackcable.com\\\/fr\\\/produit\\\/kel-dpu-24-13-gris\\\/#primaryimage\",\"url\":\"https:\\\/\\\/trackcable.com\\\/wp-content\\\/uploads\\\/2026\\\/02\\\/43940.jpg\",\"contentUrl\":\"https:\\\/\\\/trackcable.com\\\/wp-content\\\/uploads\\\/2026\\\/02\\\/43940.jpg\",\"width\":300,\"height\":199,\"caption\":\"La plaque KEL-DPU 24\\\/13 - Grise est rectangulaire, avec trois grands cercles centraux et des cercles plus petits dispos\u00e9s sym\u00e9triquement, dont un petit cercle dans chaque coin.\"},{\"@type\":\"BreadcrumbList\",\"@id\":\"https:\\\/\\\/trackcable.com\\\/fr\\\/produit\\\/kel-dpu-24-13-gris\\\/#breadcrumb\",\"itemListElement\":[{\"@type\":\"ListItem\",\"position\":1,\"name\":\"Accueil\",\"item\":\"https:\\\/\\\/trackcable.com\\\/fr\\\/accueil\\\/\"},{\"@type\":\"ListItem\",\"position\":2,\"name\":\"Boutique\",\"item\":\"https:\\\/\\\/trackcable.com\\\/fr\\\/boutique\\\/\"},{\"@type\":\"ListItem\",\"position\":3,\"name\":\"KEL-DPU 24\\\/13 \u2013 Gris\"}]},{\"@type\":\"WebSite\",\"@id\":\"https:\\\/\\\/trackcable.com\\\/fr\\\/#website\",\"url\":\"https:\\\/\\\/trackcable.com\\\/fr\\\/\",\"name\":\"trackcable.com\",\"description\":\"Precision in cable management\",\"publisher\":{\"@id\":\"https:\\\/\\\/trackcable.com\\\/fr\\\/#organization\"},\"potentialAction\":[{\"@type\":\"SearchAction\",\"target\":{\"@type\":\"EntryPoint\",\"urlTemplate\":\"https:\\\/\\\/trackcable.com\\\/fr\\\/?s={search_term_string}\"},\"query-input\":{\"@type\":\"PropertyValueSpecification\",\"valueRequired\":true,\"valueName\":\"search_term_string\"}}],\"inLanguage\":\"fr-FR\"},{\"@type\":\"Organization\",\"@id\":\"https:\\\/\\\/trackcable.com\\\/fr\\\/#organization\",\"name\":\"TrackCable | Precision in industrial cable management\",\"url\":\"https:\\\/\\\/trackcable.com\\\/fr\\\/\",\"logo\":{\"@type\":\"ImageObject\",\"inLanguage\":\"fr-FR\",\"@id\":\"https:\\\/\\\/trackcable.com\\\/fr\\\/#\\\/schema\\\/logo\\\/image\\\/\",\"url\":\"https:\\\/\\\/trackcable.com\\\/wp-content\\\/uploads\\\/2026\\\/02\\\/TrackCable.jpg\",\"contentUrl\":\"https:\\\/\\\/trackcable.com\\\/wp-content\\\/uploads\\\/2026\\\/02\\\/TrackCable.jpg\",\"width\":600,\"height\":300,\"caption\":\"TrackCable | Precision in industrial cable management\"},\"image\":{\"@id\":\"https:\\\/\\\/trackcable.com\\\/fr\\\/#\\\/schema\\\/logo\\\/image\\\/\"}}]}<\/script>\n<!-- \/ Yoast SEO plugin. -->","yoast_head_json":{"title":"Plaque d\u2019entr\u00e9e de c\u00e2ble Icotek KEL-DPU 24\/13 | TrackCable","description":"Achetez une plaque d\u2019entr\u00e9e de c\u00e2ble Icotek KEL-DPU 24\/13 pour un routage et un \u00e9tanch\u00e9it\u00e9 efficaces des panneaux de contr\u00f4le. Livraison rapide disponible.","robots":{"index":"index","follow":"follow","max-snippet":"max-snippet:-1","max-image-preview":"max-image-preview:large","max-video-preview":"max-video-preview:-1"},"canonical":"https:\/\/trackcable.com\/fr\/produit\/kel-dpu-24-13-gris\/","og_locale":"fr_FR","og_type":"article","og_title":"Plaque d\u2019entr\u00e9e de c\u00e2ble Icotek KEL-DPU 24\/13 | TrackCable","og_description":"Achetez une plaque d\u2019entr\u00e9e de c\u00e2ble Icotek KEL-DPU 24\/13 pour un routage et un \u00e9tanch\u00e9it\u00e9 efficaces des panneaux de contr\u00f4le. Livraison rapide disponible.","og_url":"https:\/\/trackcable.com\/fr\/produit\/kel-dpu-24-13-gris\/","og_site_name":"trackcable.com","article_modified_time":"2026-03-26T12:35:16+00:00","og_image":[{"width":300,"height":199,"url":"https:\/\/trackcable.com\/wp-content\/uploads\/2026\/02\/43940.jpg","type":"image\/jpeg"}],"twitter_card":"summary_large_image","twitter_misc":{"Dur\u00e9e de lecture estim\u00e9e":"1 minute"},"schema":{"@context":"https:\/\/schema.org","@graph":[{"@type":"WebPage","@id":"https:\/\/trackcable.com\/fr\/produit\/kel-dpu-24-13-gris\/","url":"https:\/\/trackcable.com\/fr\/produit\/kel-dpu-24-13-gris\/","name":"Plaque d\u2019entr\u00e9e de c\u00e2ble Icotek KEL-DPU 24\/13 | TrackCable","isPartOf":{"@id":"https:\/\/trackcable.com\/fr\/#website"},"primaryImageOfPage":{"@id":"https:\/\/trackcable.com\/fr\/produit\/kel-dpu-24-13-gris\/#primaryimage"},"image":{"@id":"https:\/\/trackcable.com\/fr\/produit\/kel-dpu-24-13-gris\/#primaryimage"},"thumbnailUrl":"https:\/\/trackcable.com\/wp-content\/uploads\/2026\/02\/43940.jpg","datePublished":"2026-02-17T11:28:56+00:00","dateModified":"2026-03-26T12:35:16+00:00","description":"Achetez une plaque d\u2019entr\u00e9e de c\u00e2ble Icotek KEL-DPU 24\/13 pour un routage et un \u00e9tanch\u00e9it\u00e9 efficaces des panneaux de contr\u00f4le. Livraison rapide disponible.","breadcrumb":{"@id":"https:\/\/trackcable.com\/fr\/produit\/kel-dpu-24-13-gris\/#breadcrumb"},"inLanguage":"fr-FR","potentialAction":[{"@type":"ReadAction","target":["https:\/\/trackcable.com\/fr\/produit\/kel-dpu-24-13-gris\/"]}]},{"@type":"ImageObject","inLanguage":"fr-FR","@id":"https:\/\/trackcable.com\/fr\/produit\/kel-dpu-24-13-gris\/#primaryimage","url":"https:\/\/trackcable.com\/wp-content\/uploads\/2026\/02\/43940.jpg","contentUrl":"https:\/\/trackcable.com\/wp-content\/uploads\/2026\/02\/43940.jpg","width":300,"height":199,"caption":"La plaque KEL-DPU 24\/13 - Grise est rectangulaire, avec trois grands cercles centraux et des cercles plus petits dispos\u00e9s sym\u00e9triquement, dont un petit cercle dans chaque coin."},{"@type":"BreadcrumbList","@id":"https:\/\/trackcable.com\/fr\/produit\/kel-dpu-24-13-gris\/#breadcrumb","itemListElement":[{"@type":"ListItem","position":1,"name":"Accueil","item":"https:\/\/trackcable.com\/fr\/accueil\/"},{"@type":"ListItem","position":2,"name":"Boutique","item":"https:\/\/trackcable.com\/fr\/boutique\/"},{"@type":"ListItem","position":3,"name":"KEL-DPU 24\/13 \u2013 Gris"}]},{"@type":"WebSite","@id":"https:\/\/trackcable.com\/fr\/#website","url":"https:\/\/trackcable.com\/fr\/","name":"trackcable.com","description":"Precision in cable management","publisher":{"@id":"https:\/\/trackcable.com\/fr\/#organization"},"potentialAction":[{"@type":"SearchAction","target":{"@type":"EntryPoint","urlTemplate":"https:\/\/trackcable.com\/fr\/?s={search_term_string}"},"query-input":{"@type":"PropertyValueSpecification","valueRequired":true,"valueName":"search_term_string"}}],"inLanguage":"fr-FR"},{"@type":"Organization","@id":"https:\/\/trackcable.com\/fr\/#organization","name":"TrackCable | Precision in industrial cable management","url":"https:\/\/trackcable.com\/fr\/","logo":{"@type":"ImageObject","inLanguage":"fr-FR","@id":"https:\/\/trackcable.com\/fr\/#\/schema\/logo\/image\/","url":"https:\/\/trackcable.com\/wp-content\/uploads\/2026\/02\/TrackCable.jpg","contentUrl":"https:\/\/trackcable.com\/wp-content\/uploads\/2026\/02\/TrackCable.jpg","width":600,"height":300,"caption":"TrackCable | Precision in industrial cable management"},"image":{"@id":"https:\/\/trackcable.com\/fr\/#\/schema\/logo\/image\/"}}]}},"_links":{"self":[{"href":"https:\/\/trackcable.com\/fr\/wp-json\/wp\/v2\/product\/9752","targetHints":{"allow":["GET"]}}],"collection":[{"href":"https:\/\/trackcable.com\/fr\/wp-json\/wp\/v2\/product"}],"about":[{"href":"https:\/\/trackcable.com\/fr\/wp-json\/wp\/v2\/types\/product"}],"replies":[{"embeddable":true,"href":"https:\/\/trackcable.com\/fr\/wp-json\/wp\/v2\/comments?post=9752"}],"version-history":[{"count":1,"href":"https:\/\/trackcable.com\/fr\/wp-json\/wp\/v2\/product\/9752\/revisions"}],"predecessor-version":[{"id":12596,"href":"https:\/\/trackcable.com\/fr\/wp-json\/wp\/v2\/product\/9752\/revisions\/12596"}],"wp:featuredmedia":[{"embeddable":true,"href":"https:\/\/trackcable.com\/fr\/wp-json\/wp\/v2\/media\/9753"}],"wp:attachment":[{"href":"https:\/\/trackcable.com\/fr\/wp-json\/wp\/v2\/media?parent=9752"}],"wp:term":[{"taxonomy":"brand","embeddable":true,"href":"https:\/\/trackcable.com\/fr\/wp-json\/wp\/v2\/etheme_brands?post=9752"},{"taxonomy":"product_brand","embeddable":true,"href":"https:\/\/trackcable.com\/fr\/wp-json\/wp\/v2\/product_brand?post=9752"},{"taxonomy":"product_cat","embeddable":true,"href":"https:\/\/trackcable.com\/fr\/wp-json\/wp\/v2\/product_cat?post=9752"},{"taxonomy":"product_tag","embeddable":true,"href":"https:\/\/trackcable.com\/fr\/wp-json\/wp\/v2\/product_tag?post=9752"}],"curies":[{"name":"wp","href":"https:\/\/api.w.org\/{rel}","templated":true}]}}